{"id":80,"date":"2022-11-03T14:12:57","date_gmt":"2022-11-03T14:12:57","guid":{"rendered":"https:\/\/smartbusinessdevelopment.fr\/?page_id=80"},"modified":"2022-11-03T18:07:59","modified_gmt":"2022-11-03T18:07:59","slug":"prestations","status":"publish","type":"page","link":"https:\/\/smartbusinessdevelopment.fr\/?page_id=80","title":{"rendered":"Prestations"},"content":{"rendered":"\t\t<div data-elementor-type=\"wp-page\" data-elementor-id=\"80\" class=\"elementor elementor-80\">\n\t\t\t\t\t\t\t\t\t<section class=\"elementor-section elementor-top-section elementor-element elementor-element-e7ff595 elementor-section-boxed elementor-section-height-default elementor-section-height-default\" data-id=\"e7ff595\" data-element_type=\"section\">\n\t\t\t\t\t\t<div class=\"elementor-container elementor-column-gap-default\">\n\t\t\t\t\t<div class=\"elementor-column elementor-col-100 elementor-top-column elementor-element elementor-element-1a4ae21\" data-id=\"1a4ae21\" data-element_type=\"column\">\n\t\t\t<div class=\"elementor-widget-wrap elementor-element-populated\">\n\t\t\t\t\t\t\t\t<div class=\"elementor-element elementor-element-ce533c1 elementor-widget elementor-widget-image\" data-id=\"ce533c1\" data-element_type=\"widget\" data-widget_type=\"image.default\">\n\t\t\t\t<div class=\"elementor-widget-container\">\n\t\t\t<style>\/*! elementor - v3.18.0 - 20-12-2023 *\/\n.elementor-widget-image{text-align:center}.elementor-widget-image a{display:inline-block}.elementor-widget-image a img[src$=\".svg\"]{width:48px}.elementor-widget-image img{vertical-align:middle;display:inline-block}<\/style>\t\t\t\t\t\t\t\t\t\t\t\t<img fetchpriority=\"high\" decoding=\"async\" width=\"848\" height=\"508\" src=\"https:\/\/smartbusinessdevelopment.fr\/wp-content\/uploads\/2022\/09\/Creation-dentreprise-le-business.jpg\" class=\"attachment-large size-large wp-image-32\" alt=\"\" srcset=\"https:\/\/smartbusinessdevelopment.fr\/wp-content\/uploads\/2022\/09\/Creation-dentreprise-le-business.jpg 848w, https:\/\/smartbusinessdevelopment.fr\/wp-content\/uploads\/2022\/09\/Creation-dentreprise-le-business-300x180.jpg 300w, https:\/\/smartbusinessdevelopment.fr\/wp-content\/uploads\/2022\/09\/Creation-dentreprise-le-business-768x460.jpg 768w\" sizes=\"(max-width: 848px) 100vw, 848px\" \/>\t\t\t\t\t\t\t\t\t\t\t\t\t\t\t<\/div>\n\t\t\t\t<\/div>\n\t\t\t\t\t<\/div>\n\t\t<\/div>\n\t\t\t\t\t\t\t<\/div>\n\t\t<\/section>\n\t\t\t\t<section class=\"elementor-section elementor-top-section elementor-element elementor-element-2641803 elementor-section-boxed elementor-section-height-default elementor-section-height-default\" data-id=\"2641803\" data-element_type=\"section\">\n\t\t\t\t\t\t<div class=\"elementor-container elementor-column-gap-default\">\n\t\t\t\t\t<div class=\"elementor-column elementor-col-100 elementor-top-column elementor-element elementor-element-7393fac\" data-id=\"7393fac\" data-element_type=\"column\">\n\t\t\t<div class=\"elementor-widget-wrap elementor-element-populated\">\n\t\t\t\t\t\t\t\t<div class=\"elementor-element elementor-element-39206a7 elementor-align-center elementor-widget elementor-widget-button\" data-id=\"39206a7\" data-element_type=\"widget\" data-widget_type=\"button.default\">\n\t\t\t\t<div class=\"elementor-widget-container\">\n\t\t\t\t\t<div class=\"elementor-button-wrapper\">\n\t\t\t<a class=\"elementor-button elementor-button-link elementor-size-sm\" href=\"mailto:smartbusinessdevelopment@free.fr\">\n\t\t\t\t\t\t<span class=\"elementor-button-content-wrapper\">\n\t\t\t\t\t\t<span class=\"elementor-button-text\">Me consulter<\/span>\n\t\t<\/span>\n\t\t\t\t\t<\/a>\n\t\t<\/div>\n\t\t\t\t<\/div>\n\t\t\t\t<\/div>\n\t\t\t\t\t<\/div>\n\t\t<\/div>\n\t\t\t\t\t\t\t<\/div>\n\t\t<\/section>\n\t\t\t\t<section class=\"elementor-section elementor-top-section elementor-element elementor-element-324ba2a elementor-section-boxed elementor-section-height-default elementor-section-height-default\" data-id=\"324ba2a\" data-element_type=\"section\">\n\t\t\t\t\t\t<div class=\"elementor-container elementor-column-gap-default\">\n\t\t\t\t\t<div class=\"elementor-column elementor-col-100 elementor-top-column elementor-element elementor-element-f858461\" data-id=\"f858461\" data-element_type=\"column\">\n\t\t\t<div class=\"elementor-widget-wrap elementor-element-populated\">\n\t\t\t\t\t\t\t\t<div class=\"elementor-element elementor-element-e7420ea elementor-widget elementor-widget-text-editor\" data-id=\"e7420ea\" data-element_type=\"widget\" data-widget_type=\"text-editor.default\">\n\t\t\t\t<div class=\"elementor-widget-container\">\n\t\t\t<style>\/*! elementor - v3.18.0 - 20-12-2023 *\/\n.elementor-widget-text-editor.elementor-drop-cap-view-stacked .elementor-drop-cap{background-color:#69727d;color:#fff}.elementor-widget-text-editor.elementor-drop-cap-view-framed .elementor-drop-cap{color:#69727d;border:3px solid;background-color:transparent}.elementor-widget-text-editor:not(.elementor-drop-cap-view-default) .elementor-drop-cap{margin-top:8px}.elementor-widget-text-editor:not(.elementor-drop-cap-view-default) .elementor-drop-cap-letter{width:1em;height:1em}.elementor-widget-text-editor .elementor-drop-cap{float:left;text-align:center;line-height:1;font-size:50px}.elementor-widget-text-editor .elementor-drop-cap-letter{display:inline-block}<\/style>\t\t\t\t<h2>Mes engagements :<\/h2>\n<p><\/p>\n<p>Vous aider \u00e0 gagner des points de croissance en agissant avec m\u00e9thode sur les leviers cl\u00e9s de l\u2019optimisation commerciale. Je vous accompagnerai du diagnostic des process en cours jusqu&rsquo;\u00e0 la mise en place concr\u00e8te des initiatives.&nbsp; &nbsp; &nbsp; &nbsp; &nbsp;<\/p>\n<p>Auditer en profondeur vos process commerciaux (en ligne et en pr\u00e9sentiel).<\/p>\n<p>Identifier les sources d\u2019optimisations prioritaires et directement impactantes.<\/p>\n<p>Proposer un format d\u2019accompagnement adapt\u00e9 \u00e0 vos objectifs.<\/p>\n<p>Accompagner vos managers et vos commerciaux dans la mise en route op\u00e9rationnelle.<\/p>\n<p>Faire \u00e9voluer votre \u00e9quipe commerciale.&nbsp;<\/p>\t\t\t\t\t\t<\/div>\n\t\t\t\t<\/div>\n\t\t\t\t\t<\/div>\n\t\t<\/div>\n\t\t\t\t\t\t\t<\/div>\n\t\t<\/section>\n\t\t\t\t<section class=\"elementor-section elementor-top-section elementor-element elementor-element-aaca3a8 elementor-section-boxed elementor-section-height-default elementor-section-height-default\" data-id=\"aaca3a8\" data-element_type=\"section\">\n\t\t\t\t\t\t<div class=\"elementor-container elementor-column-gap-default\">\n\t\t\t\t\t<div class=\"elementor-column elementor-col-100 elementor-top-column elementor-element elementor-element-fb8ca96\" data-id=\"fb8ca96\" data-element_type=\"column\">\n\t\t\t<div class=\"elementor-widget-wrap elementor-element-populated\">\n\t\t\t\t\t\t\t\t<div class=\"elementor-element elementor-element-31d6c10 elementor-widget elementor-widget-wpforms\" data-id=\"31d6c10\" data-element_type=\"widget\" data-widget_type=\"wpforms.default\">\n\t\t\t\t<div class=\"elementor-widget-container\">\n\t\t\t<div class=\"wpforms-container wpforms-container-full\" id=\"wpforms-227\"><form id=\"wpforms-form-227\" class=\"wpforms-validate wpforms-form wpforms-ajax-form\" data-formid=\"227\" method=\"post\" enctype=\"multipart\/form-data\" action=\"\/index.php?rest_route=%2Fwp%2Fv2%2Fpages%2F80\" data-token=\"14324c9357f995db027d044c3868ff73\"><noscript class=\"wpforms-error-noscript\">Veuillez activer JavaScript dans votre navigateur pour remplir ce formulaire.<\/noscript><div class=\"wpforms-field-container\"><div id=\"wpforms-227-field_0-container\" class=\"wpforms-field wpforms-field-name\" data-field-id=\"0\"><label class=\"wpforms-field-label\" for=\"wpforms-227-field_0\">Nom <span class=\"wpforms-required-label\">*<\/span><\/label><div class=\"wpforms-field-row wpforms-field-medium\"><div class=\"wpforms-field-row-block wpforms-first wpforms-one-half\"><input type=\"text\" id=\"wpforms-227-field_0\" class=\"wpforms-field-name-first wpforms-field-required\" name=\"wpforms[fields][0][first]\" required><label for=\"wpforms-227-field_0\" class=\"wpforms-field-sublabel after \">Pr\u00e9nom<\/label><\/div><div class=\"wpforms-field-row-block wpforms-one-half\"><input type=\"text\" id=\"wpforms-227-field_0-last\" class=\"wpforms-field-name-last wpforms-field-required\" name=\"wpforms[fields][0][last]\" required><label for=\"wpforms-227-field_0-last\" class=\"wpforms-field-sublabel after \">Nom<\/label><\/div><\/div><\/div><div id=\"wpforms-227-field_1-container\" class=\"wpforms-field wpforms-field-email\" data-field-id=\"1\"><label class=\"wpforms-field-label\" for=\"wpforms-227-field_1\">E-mail <span class=\"wpforms-required-label\">*<\/span><\/label><input type=\"email\" id=\"wpforms-227-field_1\" class=\"wpforms-field-medium wpforms-field-required\" name=\"wpforms[fields][1]\" required><\/div><div id=\"wpforms-227-field_2-container\" class=\"wpforms-field wpforms-field-textarea\" data-field-id=\"2\"><label class=\"wpforms-field-label\" for=\"wpforms-227-field_2\">Commentaire ou message<\/label><textarea id=\"wpforms-227-field_2\" class=\"wpforms-field-medium\" name=\"wpforms[fields][2]\" ><\/textarea><\/div><\/div><div class=\"wpforms-submit-container\"><input type=\"hidden\" name=\"wpforms[id]\" value=\"227\"><input type=\"hidden\" name=\"wpforms[author]\" value=\"1\"><button type=\"submit\" name=\"wpforms[submit]\" id=\"wpforms-submit-227\" class=\"wpforms-submit\" data-alt-text=\"Envoi...\" data-submit-text=\"Envoyer\" aria-live=\"assertive\" value=\"wpforms-submit\">Envoyer<\/button><img decoding=\"async\" src=\"https:\/\/smartbusinessdevelopment.fr\/wp-content\/plugins\/wpforms-lite\/assets\/images\/submit-spin.svg\" class=\"wpforms-submit-spinner\" style=\"display: none;\" width=\"26\" height=\"26\" alt=\"Chargement en cours\"><\/div><\/form><\/div>  <!-- .wpforms-container -->\t\t<\/div>\n\t\t\t\t<\/div>\n\t\t\t\t<div class=\"elementor-element elementor-element-310b754 elementor-widget elementor-widget-image\" data-id=\"310b754\" data-element_type=\"widget\" data-widget_type=\"image.default\">\n\t\t\t\t<div class=\"elementor-widget-container\">\n\t\t\t\t\t\t\t\t\t\t\t\t\t\t\t<img decoding=\"async\" width=\"1016\" height=\"678\" src=\"https:\/\/smartbusinessdevelopment.fr\/wp-content\/uploads\/2022\/09\/young-couple-buying-car-car-showroom-1024x683.jpg\" class=\"attachment-large size-large wp-image-36\" alt=\"\" srcset=\"https:\/\/smartbusinessdevelopment.fr\/wp-content\/uploads\/2022\/09\/young-couple-buying-car-car-showroom-1024x683.jpg 1024w, https:\/\/smartbusinessdevelopment.fr\/wp-content\/uploads\/2022\/09\/young-couple-buying-car-car-showroom-300x200.jpg 300w, https:\/\/smartbusinessdevelopment.fr\/wp-content\/uploads\/2022\/09\/young-couple-buying-car-car-showroom-768x512.jpg 768w, https:\/\/smartbusinessdevelopment.fr\/wp-content\/uploads\/2022\/09\/young-couple-buying-car-car-showroom-1536x1024.jpg 1536w, https:\/\/smartbusinessdevelopment.fr\/wp-content\/uploads\/2022\/09\/young-couple-buying-car-car-showroom-2048x1365.jpg 2048w\" sizes=\"(max-width: 1016px) 100vw, 1016px\" \/>\t\t\t\t\t\t\t\t\t\t\t\t\t\t\t<\/div>\n\t\t\t\t<\/div>\n\t\t\t\t\t<\/div>\n\t\t<\/div>\n\t\t\t\t\t\t\t<\/div>\n\t\t<\/section>\n\t\t\t\t<section class=\"elementor-section elementor-top-section elementor-element elementor-element-40a7edf elementor-section-boxed elementor-section-height-default elementor-section-height-default\" data-id=\"40a7edf\" data-element_type=\"section\">\n\t\t\t\t\t\t<div class=\"elementor-container elementor-column-gap-default\">\n\t\t\t\t\t<div class=\"elementor-column elementor-col-100 elementor-top-column elementor-element elementor-element-c09cb72\" data-id=\"c09cb72\" data-element_type=\"column\">\n\t\t\t<div class=\"elementor-widget-wrap\">\n\t\t\t\t\t\t\t\t\t<\/div>\n\t\t<\/div>\n\t\t\t\t\t\t\t<\/div>\n\t\t<\/section>\n\t\t\t\t\t\t\t<\/div>\n\t\t","protected":false},"excerpt":{"rendered":"<p>Me consulter Mes engagements : Vous aider \u00e0 gagner des points de croissance en agissant avec m\u00e9thode sur les leviers cl\u00e9s de l\u2019optimisation commerciale. Je vous accompagnerai du diagnostic des process en cours jusqu&rsquo;\u00e0 la mise en place concr\u00e8te des initiatives.&nbsp; &nbsp; &nbsp; &nbsp; &nbsp; Auditer en profondeur vos process commerciaux (en ligne et en pr\u00e9sentiel). Identifier les sources d\u2019optimisations prioritaires et directement impactantes. Proposer un format d\u2019accompagnement adapt\u00e9 \u00e0 vos objectifs. Accompagner vos managers et vos commerciaux dans la mise en route op\u00e9rationnelle. Faire \u00e9voluer votre \u00e9quipe commerciale.&nbsp;<\/p>\n","protected":false},"author":1,"featured_media":0,"parent":0,"menu_order":0,"comment_status":"closed","ping_status":"closed","template":"","meta":{"om_disable_all_campaigns":false,"_monsterinsights_skip_tracking":false,"_monsterinsights_sitenote_active":false,"_monsterinsights_sitenote_note":"","_monsterinsights_sitenote_category":0,"footnotes":""},"blocksy_meta":{"styles_descriptor":{"styles":{"desktop":"","tablet":"","mobile":""},"google_fonts":[],"version":5}},"aioseo_notices":[],"_links":{"self":[{"href":"https:\/\/smartbusinessdevelopment.fr\/index.php?rest_route=\/wp\/v2\/pages\/80"}],"collection":[{"href":"https:\/\/smartbusinessdevelopment.fr\/index.php?rest_route=\/wp\/v2\/pages"}],"about":[{"href":"https:\/\/smartbusinessdevelopment.fr\/index.php?rest_route=\/wp\/v2\/types\/page"}],"author":[{"embeddable":true,"href":"https:\/\/smartbusinessdevelopment.fr\/index.php?rest_route=\/wp\/v2\/users\/1"}],"replies":[{"embeddable":true,"href":"https:\/\/smartbusinessdevelopment.fr\/index.php?rest_route=%2Fwp%2Fv2%2Fcomments&post=80"}],"version-history":[{"count":35,"href":"https:\/\/smartbusinessdevelopment.fr\/index.php?rest_route=\/wp\/v2\/pages\/80\/revisions"}],"predecessor-version":[{"id":305,"href":"https:\/\/smartbusinessdevelopment.fr\/index.php?rest_route=\/wp\/v2\/pages\/80\/revisions\/305"}],"wp:attachment":[{"href":"https:\/\/smartbusinessdevelopment.fr\/index.php?rest_route=%2Fwp%2Fv2%2Fmedia&parent=80"}],"curies":[{"name":"wp","href":"https:\/\/api.w.org\/{rel}","templated":true}]}}