{"id":75,"date":"2022-11-03T14:11:08","date_gmt":"2022-11-03T14:11:08","guid":{"rendered":"https:\/\/smartbusinessdevelopment.fr\/?page_id=75"},"modified":"2022-11-17T08:05:48","modified_gmt":"2022-11-17T08:05:48","slug":"profil","status":"publish","type":"page","link":"https:\/\/smartbusinessdevelopment.fr\/?page_id=75","title":{"rendered":"Profil"},"content":{"rendered":"\t\t<div data-elementor-type=\"wp-page\" data-elementor-id=\"75\" class=\"elementor elementor-75\">\n\t\t\t\t\t\t\t\t\t<section class=\"elementor-section elementor-top-section elementor-element elementor-element-c43606e elementor-section-boxed elementor-section-height-default elementor-section-height-default\" data-id=\"c43606e\" data-element_type=\"section\">\n\t\t\t\t\t\t<div class=\"elementor-container elementor-column-gap-default\">\n\t\t\t\t\t<div class=\"elementor-column elementor-col-100 elementor-top-column elementor-element elementor-element-0915642\" data-id=\"0915642\" data-element_type=\"column\">\n\t\t\t<div class=\"elementor-widget-wrap elementor-element-populated\">\n\t\t\t\t\t\t\t\t<div class=\"elementor-element elementor-element-3a9f8bf elementor-widget elementor-widget-image\" data-id=\"3a9f8bf\" data-element_type=\"widget\" data-widget_type=\"image.default\">\n\t\t\t\t<div class=\"elementor-widget-container\">\n\t\t\t<style>\/*! elementor - v3.18.0 - 20-12-2023 *\/\n.elementor-widget-image{text-align:center}.elementor-widget-image a{display:inline-block}.elementor-widget-image a img[src$=\".svg\"]{width:48px}.elementor-widget-image img{vertical-align:middle;display:inline-block}<\/style>\t\t\t\t\t\t\t\t\t\t\t\t<img fetchpriority=\"high\" decoding=\"async\" width=\"1016\" height=\"678\" src=\"https:\/\/smartbusinessdevelopment.fr\/wp-content\/uploads\/2022\/09\/firm-handshake-1024x683.jpg\" class=\"attachment-large size-large wp-image-33\" alt=\"\" srcset=\"https:\/\/smartbusinessdevelopment.fr\/wp-content\/uploads\/2022\/09\/firm-handshake-1024x683.jpg 1024w, https:\/\/smartbusinessdevelopment.fr\/wp-content\/uploads\/2022\/09\/firm-handshake-300x200.jpg 300w, https:\/\/smartbusinessdevelopment.fr\/wp-content\/uploads\/2022\/09\/firm-handshake-768x513.jpg 768w, https:\/\/smartbusinessdevelopment.fr\/wp-content\/uploads\/2022\/09\/firm-handshake-1536x1025.jpg 1536w, https:\/\/smartbusinessdevelopment.fr\/wp-content\/uploads\/2022\/09\/firm-handshake-2048x1367.jpg 2048w\" sizes=\"(max-width: 1016px) 100vw, 1016px\" \/>\t\t\t\t\t\t\t\t\t\t\t\t\t\t\t<\/div>\n\t\t\t\t<\/div>\n\t\t\t\t<div class=\"elementor-element elementor-element-8845dc3 elementor-widget elementor-widget-image\" data-id=\"8845dc3\" data-element_type=\"widget\" data-widget_type=\"image.default\">\n\t\t\t\t<div class=\"elementor-widget-container\">\n\t\t\t\t\t\t\t\t\t\t\t\t\t\t\t\t<a href=\"https:\/\/www.linkedin.com\/in\/olivier-richard-03542271\/\">\n\t\t\t\t\t\t\t<img decoding=\"async\" width=\"300\" height=\"300\" src=\"https:\/\/smartbusinessdevelopment.fr\/wp-content\/uploads\/2022\/11\/olivier-300x300.png\" class=\"attachment-medium size-medium wp-image-299\" alt=\"\" srcset=\"https:\/\/smartbusinessdevelopment.fr\/wp-content\/uploads\/2022\/11\/olivier-300x300.png 300w, https:\/\/smartbusinessdevelopment.fr\/wp-content\/uploads\/2022\/11\/olivier-150x150.png 150w, https:\/\/smartbusinessdevelopment.fr\/wp-content\/uploads\/2022\/11\/olivier-768x768.png 768w, https:\/\/smartbusinessdevelopment.fr\/wp-content\/uploads\/2022\/11\/olivier.png 1000w\" sizes=\"(max-width: 300px) 100vw, 300px\" \/>\t\t\t\t\t\t\t\t<\/a>\n\t\t\t\t\t\t\t\t\t\t\t\t\t\t\t<\/div>\n\t\t\t\t<\/div>\n\t\t\t\t<section class=\"elementor-section elementor-inner-section elementor-element elementor-element-9089b2c elementor-section-boxed elementor-section-height-default elementor-section-height-default\" data-id=\"9089b2c\" data-element_type=\"section\">\n\t\t\t\t\t\t<div class=\"elementor-container elementor-column-gap-default\">\n\t\t\t\t\t<div class=\"elementor-column elementor-col-100 elementor-inner-column elementor-element elementor-element-414f64f\" data-id=\"414f64f\" data-element_type=\"column\">\n\t\t\t<div class=\"elementor-widget-wrap elementor-element-populated\">\n\t\t\t\t\t\t\t\t<div class=\"elementor-element elementor-element-db26c51 elementor-widget elementor-widget-text-editor\" data-id=\"db26c51\" data-element_type=\"widget\" data-widget_type=\"text-editor.default\">\n\t\t\t\t<div class=\"elementor-widget-container\">\n\t\t\t<style>\/*! elementor - v3.18.0 - 20-12-2023 *\/\n.elementor-widget-text-editor.elementor-drop-cap-view-stacked .elementor-drop-cap{background-color:#69727d;color:#fff}.elementor-widget-text-editor.elementor-drop-cap-view-framed .elementor-drop-cap{color:#69727d;border:3px solid;background-color:transparent}.elementor-widget-text-editor:not(.elementor-drop-cap-view-default) .elementor-drop-cap{margin-top:8px}.elementor-widget-text-editor:not(.elementor-drop-cap-view-default) .elementor-drop-cap-letter{width:1em;height:1em}.elementor-widget-text-editor .elementor-drop-cap{float:left;text-align:center;line-height:1;font-size:50px}.elementor-widget-text-editor .elementor-drop-cap-letter{display:inline-block}<\/style>\t\t\t\t<p>Olivier RICHARD<\/p>\t\t\t\t\t\t<\/div>\n\t\t\t\t<\/div>\n\t\t\t\t\t<\/div>\n\t\t<\/div>\n\t\t\t\t\t\t\t<\/div>\n\t\t<\/section>\n\t\t\t\t<div class=\"elementor-element elementor-element-3c10405 elementor-widget elementor-widget-heading\" data-id=\"3c10405\" data-element_type=\"widget\" data-widget_type=\"heading.default\">\n\t\t\t\t<div class=\"elementor-widget-container\">\n\t\t\t<style>\/*! elementor - v3.18.0 - 20-12-2023 *\/\n.elementor-heading-title{padding:0;margin:0;line-height:1}.elementor-widget-heading .elementor-heading-title[class*=elementor-size-]>a{color:inherit;font-size:inherit;line-height:inherit}.elementor-widget-heading .elementor-heading-title.elementor-size-small{font-size:15px}.elementor-widget-heading .elementor-heading-title.elementor-size-medium{font-size:19px}.elementor-widget-heading .elementor-heading-title.elementor-size-large{font-size:29px}.elementor-widget-heading .elementor-heading-title.elementor-size-xl{font-size:39px}.elementor-widget-heading .elementor-heading-title.elementor-size-xxl{font-size:59px}<\/style><h2 class=\"elementor-heading-title elementor-size-default\"><br><p><span>Travaillant depuis plus de 20 ans dans\nl\u2019univers vid\u00e9o ludique et dans le monde du retro gaming et de de la Culture\nPop , je vous propose d<\/span><span style=\"font-size: inherit; text-align: inherit; color: var( --e-global-color-secondary ); font-style: var(--fontStyle, inherit); letter-spacing: var(--letterSpacing); text-transform: var(--textTransform); background-color: inherit;\">e la planification strat\u00e9gique aux <\/span><span style=\"font-size: inherit; text-align: inherit; color: var( --e-global-color-secondary ); font-style: var(--fontStyle, inherit); letter-spacing: var(--letterSpacing); text-transform: var(--textTransform); background-color: inherit;\">solutions innovantes.<\/span><\/p><br><p><span style=\"font-size: inherit; text-align: inherit; color: var( --e-global-color-secondary ); font-style: var(--fontStyle, inherit); letter-spacing: var(--letterSpacing); text-transform: var(--textTransform); background-color: inherit;\">Mon objectif est de toujours construire une relation <\/span><span style=\"font-size: inherit; text-align: inherit; color: var( --e-global-color-secondary ); font-style: var(--fontStyle, inherit); letter-spacing: var(--letterSpacing); text-transform: var(--textTransform); background-color: inherit;\">efficace pour obtenir des r\u00e9sultats. <\/span><\/p><br><p><span style=\"font-size: inherit; text-align: inherit; color: var( --e-global-color-secondary ); font-style: var(--fontStyle, inherit); letter-spacing: var(--letterSpacing); text-transform: var(--textTransform); background-color: inherit;\">Je vous accompagnerai pour cr\u00e9er un programme d'actions sur <\/span><span style=\"font-size: inherit; text-align: inherit; color: var( --e-global-color-secondary ); font-style: var(--fontStyle, inherit); letter-spacing: var(--letterSpacing); text-transform: var(--textTransform); background-color: inherit;\">mesure, pour vous-m\u00eame ou votre organisation. <\/span><\/p>\n\n<p><span>Je vous invite \u00e0 me contacter pour en savoir plus sur ma\nvision et ma d\u00e9marche.<\/span><o:p><\/o:p><\/p><\/h2>\t\t<\/div>\n\t\t\t\t<\/div>\n\t\t\t\t\t<\/div>\n\t\t<\/div>\n\t\t\t\t\t\t\t<\/div>\n\t\t<\/section>\n\t\t\t\t<section class=\"elementor-section elementor-top-section elementor-element elementor-element-b0640d0 elementor-section-boxed elementor-section-height-default elementor-section-height-default\" data-id=\"b0640d0\" data-element_type=\"section\">\n\t\t\t\t\t\t<div class=\"elementor-container elementor-column-gap-default\">\n\t\t\t\t\t<div class=\"elementor-column elementor-col-100 elementor-top-column elementor-element elementor-element-3dcf921\" data-id=\"3dcf921\" data-element_type=\"column\">\n\t\t\t<div class=\"elementor-widget-wrap\">\n\t\t\t\t\t\t\t\t\t<\/div>\n\t\t<\/div>\n\t\t\t\t\t\t\t<\/div>\n\t\t<\/section>\n\t\t\t\t<section class=\"elementor-section elementor-top-section elementor-element elementor-element-6a7a1f8 elementor-section-boxed elementor-section-height-default elementor-section-height-default\" data-id=\"6a7a1f8\" data-element_type=\"section\">\n\t\t\t\t\t\t<div class=\"elementor-container elementor-column-gap-default\">\n\t\t\t\t\t<div class=\"elementor-column elementor-col-100 elementor-top-column elementor-element elementor-element-a4914c9\" data-id=\"a4914c9\" data-element_type=\"column\">\n\t\t\t<div class=\"elementor-widget-wrap elementor-element-populated\">\n\t\t\t\t\t\t\t\t<div class=\"elementor-element elementor-element-0d11289 elementor-widget elementor-widget-image\" data-id=\"0d11289\" data-element_type=\"widget\" data-widget_type=\"image.default\">\n\t\t\t\t<div class=\"elementor-widget-container\">\n\t\t\t\t\t\t\t\t\t\t\t\t\t\t\t<img decoding=\"async\" width=\"1016\" height=\"580\" src=\"https:\/\/smartbusinessdevelopment.fr\/wp-content\/uploads\/2022\/11\/17973908-1024x585.jpg\" class=\"attachment-large size-large wp-image-309\" alt=\"\" srcset=\"https:\/\/smartbusinessdevelopment.fr\/wp-content\/uploads\/2022\/11\/17973908-1024x585.jpg 1024w, https:\/\/smartbusinessdevelopment.fr\/wp-content\/uploads\/2022\/11\/17973908-300x171.jpg 300w, https:\/\/smartbusinessdevelopment.fr\/wp-content\/uploads\/2022\/11\/17973908-768x439.jpg 768w, https:\/\/smartbusinessdevelopment.fr\/wp-content\/uploads\/2022\/11\/17973908-1536x878.jpg 1536w, https:\/\/smartbusinessdevelopment.fr\/wp-content\/uploads\/2022\/11\/17973908-2048x1170.jpg 2048w\" sizes=\"(max-width: 1016px) 100vw, 1016px\" \/>\t\t\t\t\t\t\t\t\t\t\t\t\t\t\t<\/div>\n\t\t\t\t<\/div>\n\t\t\t\t\t<\/div>\n\t\t<\/div>\n\t\t\t\t\t\t\t<\/div>\n\t\t<\/section>\n\t\t\t\t\t\t\t<\/div>\n\t\t","protected":false},"excerpt":{"rendered":"<p>Olivier RICHARD Travaillant depuis plus de 20 ans dans l\u2019univers vid\u00e9o ludique et dans le monde du retro gaming et de de la Culture Pop , je vous propose de la planification strat\u00e9gique aux solutions innovantes. Mon objectif est de toujours construire une relation efficace pour obtenir des r\u00e9sultats. Je vous accompagnerai pour cr\u00e9er un programme d&rsquo;actions sur mesure, pour vous-m\u00eame ou votre organisation. Je vous invite \u00e0 me contacter pour en savoir plus sur ma vision et ma d\u00e9marche.<\/p>\n","protected":false},"author":1,"featured_media":0,"parent":0,"menu_order":0,"comment_status":"closed","ping_status":"closed","template":"","meta":{"om_disable_all_campaigns":false,"_monsterinsights_skip_tracking":false,"_monsterinsights_sitenote_active":false,"_monsterinsights_sitenote_note":"","_monsterinsights_sitenote_category":0,"footnotes":""},"blocksy_meta":{"styles_descriptor":{"styles":{"desktop":"","tablet":"","mobile":""},"google_fonts":[],"version":5}},"aioseo_notices":[],"_links":{"self":[{"href":"https:\/\/smartbusinessdevelopment.fr\/index.php?rest_route=\/wp\/v2\/pages\/75"}],"collection":[{"href":"https:\/\/smartbusinessdevelopment.fr\/index.php?rest_route=\/wp\/v2\/pages"}],"about":[{"href":"https:\/\/smartbusinessdevelopment.fr\/index.php?rest_route=\/wp\/v2\/types\/page"}],"author":[{"embeddable":true,"href":"https:\/\/smartbusinessdevelopment.fr\/index.php?rest_route=\/wp\/v2\/users\/1"}],"replies":[{"embeddable":true,"href":"https:\/\/smartbusinessdevelopment.fr\/index.php?rest_route=%2Fwp%2Fv2%2Fcomments&post=75"}],"version-history":[{"count":37,"href":"https:\/\/smartbusinessdevelopment.fr\/index.php?rest_route=\/wp\/v2\/pages\/75\/revisions"}],"predecessor-version":[{"id":321,"href":"https:\/\/smartbusinessdevelopment.fr\/index.php?rest_route=\/wp\/v2\/pages\/75\/revisions\/321"}],"wp:attachment":[{"href":"https:\/\/smartbusinessdevelopment.fr\/index.php?rest_route=%2Fwp%2Fv2%2Fmedia&parent=75"}],"curies":[{"name":"wp","href":"https:\/\/api.w.org\/{rel}","templated":true}]}}